{"id":3898,"date":"2024-01-07T15:03:43","date_gmt":"2024-01-07T15:03:43","guid":{"rendered":"https:\/\/clinicaudio.es\/avis-legal\/"},"modified":"2025-10-03T13:49:53","modified_gmt":"2025-10-03T13:49:53","slug":"avis-legal","status":"publish","type":"page","link":"https:\/\/clinicaudio.es\/ca\/avis-legal\/","title":{"rendered":"Avis legal"},"content":{"rendered":"\t\t<div data-elementor-type=\"wp-page\" data-elementor-id=\"3898\" class=\"elementor elementor-3898 elementor-893\" data-elementor-post-type=\"page\">\n\t\t\t\t<div class=\"elementor-element elementor-element-22b5c84 e-flex e-con-boxed elementor-invisible e-con e-parent\" data-id=\"22b5c84\" data-element_type=\"container\" data-e-type=\"container\" data-settings=\"{&quot;animation&quot;:&quot;fadeIn&quot;,&quot;background_background&quot;:&quot;classic&quot;}\">\n\t\t\t\t\t<div class=\"e-con-inner\">\n\t\t\t\t<div class=\"elementor-element elementor-element-34019bb elementor-widget__width-auto elementor-absolute elementor-hidden-mobile elementor-widget-mobile__width-inherit elementor-widget elementor-widget-image\" data-id=\"34019bb\" data-element_type=\"widget\" data-e-type=\"widget\" data-settings=\"{&quot;_position&quot;:&quot;absolute&quot;}\" data-widget_type=\"image.default\">\n\t\t\t\t<div class=\"elementor-widget-container\">\n\t\t\t\t\t\t\t\t\t\t\t\t\t\t\t<img fetchpriority=\"high\" decoding=\"async\" width=\"1518\" height=\"1518\" src=\"https:\/\/clinicaudio.es\/wp-content\/uploads\/2025\/06\/dispersion-glass-23.png\" class=\"attachment-full size-full wp-image-3219\" alt=\"\" srcset=\"https:\/\/clinicaudio.es\/wp-content\/uploads\/2025\/06\/dispersion-glass-23.png 1518w, https:\/\/clinicaudio.es\/wp-content\/uploads\/2025\/06\/dispersion-glass-23-300x300.png 300w, https:\/\/clinicaudio.es\/wp-content\/uploads\/2025\/06\/dispersion-glass-23-1024x1024.png 1024w, https:\/\/clinicaudio.es\/wp-content\/uploads\/2025\/06\/dispersion-glass-23-150x150.png 150w, https:\/\/clinicaudio.es\/wp-content\/uploads\/2025\/06\/dispersion-glass-23-768x768.png 768w\" sizes=\"(max-width: 1518px) 100vw, 1518px\" \/>\t\t\t\t\t\t\t\t\t\t\t\t\t\t\t<\/div>\n\t\t\t\t<\/div>\n\t\t<div class=\"elementor-element elementor-element-bede4f2 e-con-full e-flex e-con e-child\" data-id=\"bede4f2\" data-element_type=\"container\" data-e-type=\"container\">\n\t\t<div class=\"elementor-element elementor-element-6ac7899 e-con-full e-flex e-con e-child\" data-id=\"6ac7899\" data-element_type=\"container\" data-e-type=\"container\">\n\t\t\t\t<div class=\"elementor-element elementor-element-d6cb600 elementor-widget__width-inherit elementor-invisible elementor-widget elementor-widget-heading\" data-id=\"d6cb600\" data-element_type=\"widget\" data-e-type=\"widget\" data-settings=\"{&quot;_animation&quot;:&quot;fadeIn&quot;,&quot;_animation_delay&quot;:150}\" data-widget_type=\"heading.default\">\n\t\t\t\t<div class=\"elementor-widget-container\">\n\t\t\t\t\t<h1 class=\"elementor-heading-title elementor-size-default\">Avis legal<\/h1>\t\t\t\t<\/div>\n\t\t\t\t<\/div>\n\t\t\t\t<\/div>\n\t\t\t\t<\/div>\n\t\t\t\t\t<\/div>\n\t\t\t\t<\/div>\n\t\t\t\t<section class=\"elementor-section elementor-top-section elementor-element elementor-element-6d99b8c elementor-section-boxed elementor-section-height-default elementor-section-height-default\" data-id=\"6d99b8c\" data-element_type=\"section\" data-e-type=\"section\">\n\t\t\t\t\t\t<div class=\"elementor-container elementor-column-gap-default\">\n\t\t\t\t\t<div class=\"elementor-column elementor-col-100 elementor-top-column elementor-element elementor-element-243c3575\" data-id=\"243c3575\" data-element_type=\"column\" data-e-type=\"column\">\n\t\t\t<div class=\"elementor-widget-wrap elementor-element-populated\">\n\t\t\t\t\t\t<div class=\"elementor-element elementor-element-7ab2a4aa elementor-invisible elementor-widget elementor-widget-text-editor\" data-id=\"7ab2a4aa\" data-element_type=\"widget\" data-e-type=\"widget\" data-settings=\"{&quot;_animation&quot;:&quot;fadeIn&quot;,&quot;_animation_delay&quot;:250}\" data-widget_type=\"text-editor.default\">\n\t\t\t\t<div class=\"elementor-widget-container\">\n\t\t\t\t\t\t\t\t\t<p>En compliment amb el deber d&#8217;informaci\u00f3 reconegut a l&#8217;article 10 de la Llei 34\/2002, d&#8217;11 de juliol, de Serveis de la Societat de la Informaci\u00f3 i del Comer\u00e7 Electr\u00f2nic (LSSICE), el propietari de la web <a href=\"https:\/\/clinicaudio.es\/ca\/\">https:\/\/clinicaudio.es,<\/a> la informaci\u00f3 del seg\u00fcent:<\/p>\n<ul>\n<li>\n<p>Denominaci\u00f3 social: Clinicaudio S.L.<\/p>\n<\/li>\n<li>\n<p>NIF: B06905608<\/p>\n<\/li>\n<li>\n<p>Domicili: Rambla Principal, 93, Planta Baixa, 08800 \u2013 Vilanova I La Geltru (Barcelona)<\/p>\n<\/li>\n<li>\n<p>Inscrita al Registre Mercantil de Barcelona al Tom 47894, foli 211, secci\u00f3, full n\u00famero 565671, inscripci\u00f3 1<\/p>\n<\/li>\n<\/ul>\n<p>Amb els l\u00edmits establerts a la llei, <a href=\"https:\/\/clinicaudio.es\/ca\/\">https:\/\/clinicaudio.es<\/a> no assumeix cap responsabilitat derivada de la manca de veracitat, integritat, actualitzaci\u00f3 i precisi\u00f3 de les dades o informacions que es contenen a les p\u00e0gines d&#8217;Internet.<\/p>\n<p>Els continguts i informaci\u00f3 no vinculen a <a href=\"https:\/\/clinicaudio.es\/ca\/\">https:\/\/clinicaudio.es<\/a> ni constitueixen opinions, consells o assessorament legal de cap mena, ja que es tracta merament d&#8217;un servei ofert amb car\u00e0cter informatiu i divulgatiu.<\/p>\n<p>Les p\u00e0gines d&#8217;Internet de <a href=\"https:\/\/clinicaudio.es\/ca\/\">https:\/\/clinicaudio.es<\/a> poden contenir enlla\u00e7os (links) a altres p\u00e0gines de terceres parts que <a href=\"https:\/\/clinicaudio.es\/ca\/\">https:\/\/clinicaudio.es<\/a> no podeu controlar. Per tant, <a href=\"https:\/\/clinicaudio.es\/ca\/\">https:\/\/clinicaudio.es<\/a> no pot assumir responsabilitats pel contingut que pugui apar\u00e8ixer a p\u00e0gines de tercers. <\/p>\n<p>Els textos, imatges, sons, animacions, programari i la resta de continguts inclosos en aquest website s\u00f3n propietat exclusiva de <a href=\"https:\/\/clinicaudio.es\/ca\/\">https:\/\/clinicaudio.es <\/a>o els seus llicenciants. Qualsevol acte de transmissi\u00f3, distribuci\u00f3, cessi\u00f3, reproducci\u00f3, emmagatzematge o comunicaci\u00f3 p\u00fablica total o parcial, ha de comptar amb el consentiment expr\u00e9s de <a href=\"https:\/\/clinicaudio.es.\">https:\/\/clinicaudio.es.<\/a> <\/p>\n<p>Aix\u00ed mateix, per accedir a alguns dels serveis que <a href=\"https:\/\/clinicaudio.es\/ca\/\">https:\/\/clinicaudio.es<\/a> ofereix a trav\u00e9s del website haur\u00e0 de proporcionar algunes dades de car\u00e0cter personal. En compliment del que estableix el Reglament (UE) 2016\/679 del Parlament Europeu i del Consell, de 27 d&#8217;abril de 2016, relatiu a la protecci\u00f3 de les persones f\u00edsiques pel que fa al tractament de dades personals ia la lliure circulaci\u00f3 d&#8217;aquestes dades us informem que, mitjan\u00e7ant l&#8217;emplenament dels presents formularis, les vostres dades personals quedaran incorporades. per tal de poder-vos prestar i oferir els nostres serveis aix\u00ed com per informar-vos de les millores del lloc web. Aix\u00ed mateix, us informem de la possibilitat que exerceixi els drets d&#8217;acc\u00e9s, rectificaci\u00f3, cancel\u00b7laci\u00f3 i oposici\u00f3 de les vostres dades de car\u00e0cter personal, manera gratu\u00efta mitjan\u00e7ant email a clinicaudio@gmail.com oa l&#8217;adre\u00e7a Rambla Principal, 93, Planta Baixa, 08800 \u2013 Vilanova I La Geltru (Barcelona).  <\/p>\n\t\t\t\t\t\t\t\t<\/div>\n\t\t\t\t<\/div>\n\t\t\t\t<div class=\"elementor-element elementor-element-502242be elementor-widget elementor-widget-spacer\" data-id=\"502242be\" data-element_type=\"widget\" data-e-type=\"widget\" data-widget_type=\"spacer.default\">\n\t\t\t\t<div class=\"elementor-widget-container\">\n\t\t\t\t\t\t\t<div class=\"elementor-spacer\">\n\t\t\t<div class=\"elementor-spacer-inner\"><\/div>\n\t\t<\/div>\n\t\t\t\t\t\t<\/div>\n\t\t\t\t<\/div>\n\t\t\t\t\t<\/div>\n\t\t<\/div>\n\t\t\t\t\t<\/div>\n\t\t<\/section>\n\t\t\t\t<\/div>\n\t\t","protected":false},"excerpt":{"rendered":"<p>Avis legal En compliment amb el deber d&#8217;informaci\u00f3 reconegut a l&#8217;article 10 de la Llei 34\/2002, d&#8217;11 de juliol, de Serveis de la Societat de la Informaci\u00f3 i del Comer\u00e7 Electr\u00f2nic (LSSICE), el propietari de la web https:\/\/clinicaudio.es, la informaci\u00f3 del seg\u00fcent: Denominaci\u00f3 social: Clinicaudio S.L. NIF: B06905608 Domicili: Rambla Principal, 93, Planta Baixa, 08800 [&hellip;]<\/p>\n","protected":false},"author":2,"featured_media":0,"parent":0,"menu_order":0,"comment_status":"closed","ping_status":"closed","template":"","meta":{"_mo_disable_npp":"","footnotes":""},"class_list":["post-3898","page","type-page","status-publish","hentry"],"_links":{"self":[{"href":"https:\/\/clinicaudio.es\/ca\/wp-json\/wp\/v2\/pages\/3898","targetHints":{"allow":["GET"]}}],"collection":[{"href":"https:\/\/clinicaudio.es\/ca\/wp-json\/wp\/v2\/pages"}],"about":[{"href":"https:\/\/clinicaudio.es\/ca\/wp-json\/wp\/v2\/types\/page"}],"author":[{"embeddable":true,"href":"https:\/\/clinicaudio.es\/ca\/wp-json\/wp\/v2\/users\/2"}],"replies":[{"embeddable":true,"href":"https:\/\/clinicaudio.es\/ca\/wp-json\/wp\/v2\/comments?post=3898"}],"version-history":[{"count":2,"href":"https:\/\/clinicaudio.es\/ca\/wp-json\/wp\/v2\/pages\/3898\/revisions"}],"predecessor-version":[{"id":5365,"href":"https:\/\/clinicaudio.es\/ca\/wp-json\/wp\/v2\/pages\/3898\/revisions\/5365"}],"wp:attachment":[{"href":"https:\/\/clinicaudio.es\/ca\/wp-json\/wp\/v2\/media?parent=3898"}],"curies":[{"name":"wp","href":"https:\/\/api.w.org\/{rel}","templated":true}]}}