{"id":5954,"date":"2025-12-19T13:37:15","date_gmt":"2025-12-19T13:37:15","guid":{"rendered":"https:\/\/clinicaudio.es\/llei-de-proteccio-de-dades\/"},"modified":"2025-12-22T15:02:31","modified_gmt":"2025-12-22T15:02:31","slug":"llei-de-proteccio-de-dades","status":"publish","type":"page","link":"https:\/\/clinicaudio.es\/ca\/llei-de-proteccio-de-dades\/","title":{"rendered":"Llei de protecci\u00f3 de dades"},"content":{"rendered":"\t\t<div data-elementor-type=\"wp-page\" data-elementor-id=\"5954\" class=\"elementor elementor-5954 elementor-5916\" data-elementor-post-type=\"page\">\n\t\t\t\t<div class=\"elementor-element elementor-element-c9cbb40 e-flex e-con-boxed elementor-invisible e-con e-parent\" data-id=\"c9cbb40\" data-element_type=\"container\" data-e-type=\"container\" data-settings=\"{&quot;animation&quot;:&quot;fadeIn&quot;,&quot;background_background&quot;:&quot;classic&quot;}\">\n\t\t\t\t\t<div class=\"e-con-inner\">\n\t\t\t\t<div class=\"elementor-element elementor-element-8bcf56d elementor-widget__width-auto elementor-absolute elementor-hidden-mobile elementor-widget-mobile__width-inherit elementor-widget elementor-widget-image\" data-id=\"8bcf56d\" data-element_type=\"widget\" data-e-type=\"widget\" data-settings=\"{&quot;_position&quot;:&quot;absolute&quot;}\" data-widget_type=\"image.default\">\n\t\t\t\t<div class=\"elementor-widget-container\">\n\t\t\t\t\t\t\t\t\t\t\t\t\t\t\t<img fetchpriority=\"high\" decoding=\"async\" width=\"1518\" height=\"1518\" src=\"https:\/\/clinicaudio.es\/wp-content\/uploads\/2025\/06\/dispersion-glass-23.png\" class=\"attachment-full size-full wp-image-3219\" alt=\"\" srcset=\"https:\/\/clinicaudio.es\/wp-content\/uploads\/2025\/06\/dispersion-glass-23.png 1518w, https:\/\/clinicaudio.es\/wp-content\/uploads\/2025\/06\/dispersion-glass-23-300x300.png 300w, https:\/\/clinicaudio.es\/wp-content\/uploads\/2025\/06\/dispersion-glass-23-1024x1024.png 1024w, https:\/\/clinicaudio.es\/wp-content\/uploads\/2025\/06\/dispersion-glass-23-150x150.png 150w, https:\/\/clinicaudio.es\/wp-content\/uploads\/2025\/06\/dispersion-glass-23-768x768.png 768w\" sizes=\"(max-width: 1518px) 100vw, 1518px\" \/>\t\t\t\t\t\t\t\t\t\t\t\t\t\t\t<\/div>\n\t\t\t\t<\/div>\n\t\t<div class=\"elementor-element elementor-element-7b67cb4 e-con-full e-flex e-con e-child\" data-id=\"7b67cb4\" data-element_type=\"container\" data-e-type=\"container\">\n\t\t<div class=\"elementor-element elementor-element-878b312 e-con-full e-flex e-con e-child\" data-id=\"878b312\" data-element_type=\"container\" data-e-type=\"container\">\n\t\t\t\t<div class=\"elementor-element elementor-element-f26ce21 elementor-widget__width-inherit elementor-invisible elementor-widget elementor-widget-heading\" data-id=\"f26ce21\" data-element_type=\"widget\" data-e-type=\"widget\" data-settings=\"{&quot;_animation&quot;:&quot;fadeIn&quot;,&quot;_animation_delay&quot;:150}\" data-widget_type=\"heading.default\">\n\t\t\t\t<div class=\"elementor-widget-container\">\n\t\t\t\t\t<h1 class=\"elementor-heading-title elementor-size-default\">Llei de protecci\u00f3 de dades<\/h1>\t\t\t\t<\/div>\n\t\t\t\t<\/div>\n\t\t\t\t<\/div>\n\t\t\t\t<\/div>\n\t\t\t\t\t<\/div>\n\t\t\t\t<\/div>\n\t\t\t\t<section class=\"elementor-section elementor-top-section elementor-element elementor-element-6d99b8c elementor-section-boxed elementor-section-height-default elementor-section-height-default\" data-id=\"6d99b8c\" data-element_type=\"section\" data-e-type=\"section\">\n\t\t\t\t\t\t<div class=\"elementor-container elementor-column-gap-default\">\n\t\t\t\t\t<div class=\"elementor-column elementor-col-100 elementor-top-column elementor-element elementor-element-243c3575\" data-id=\"243c3575\" data-element_type=\"column\" data-e-type=\"column\">\n\t\t\t<div class=\"elementor-widget-wrap elementor-element-populated\">\n\t\t\t\t\t\t<div class=\"elementor-element elementor-element-7ab2a4aa elementor-widget__width-initial elementor-invisible elementor-widget elementor-widget-text-editor\" data-id=\"7ab2a4aa\" data-element_type=\"widget\" data-e-type=\"widget\" data-settings=\"{&quot;_animation&quot;:&quot;fadeIn&quot;,&quot;_animation_delay&quot;:250}\" data-widget_type=\"text-editor.default\">\n\t\t\t\t<div class=\"elementor-widget-container\">\n\t\t\t\t\t\t\t\t\t<p>Clinicaudio SL<\/p>\n<p>De conformitat amb el que disposa el Reglament (UE) 2016\/679 del Parlament Europeu i del Consell, de 27 d&#8217;abril de 2016 (Reglament General de Protecci\u00f3 de Dades \u2013 RGPD), i en la <strong>Llei Org\u00e0nica 3\/2018<\/strong>, de 5 de desembre, de Protecci\u00f3 de Dades Personals i garantia dels drets digitals (LO dades personals.<\/p>\n<p><strong>FECHA CONTROLLER<\/strong><\/p>\n<p>Clinicaudio SL<br>Domicili social: C\/ Enmedio, 34 \u2013 12001 Castell\u00f3 (Espanya)<br>CIF: B-06905608<br>Correu electr\u00f2nic a efectes de protecci\u00f3 de dades: <a href=\"mailto:contacto@clinicaudio.es\">contacto@clinicaudio.es<\/a><\/p>\n<p>FINALITAT DEL TRACTAMENT DE LES DADES<br>Les dades personals facilitades pels usuaris seran tractades per Clinicaudio SL amb les finalitats seg\u00fcents:<\/p>\n<p>\u25cf Gestionar la relaci\u00f3 assistencial i sanit\u00e0ria amb els pacients.<br>\u25cf Atendre consultes, sol\u00b7licituds o peticions d\u201finformaci\u00f3.<br>\u25cf Gestionar cites, revisions auditives, serveis i pressupostos.<br>\u25cf Enviar comunicacions informatives o comercials relacionades amb els serveis de Clinicaudio, quan hi hagi base legal.<br>\u25cf Complir amb obligacions legals aplicables.<\/p>\n<p><strong>LEGITIMACI\u00d3 PER AL TRACTAMENT<\/strong><br>La base legal per al tractament de les dades \u00e9s:<\/p>\n<p>\u25cf El consentiment de l&#8217;interessat, quan aix\u00ed se sol\u00b7licite.<br>\u25cf L&#8217;execuci\u00f3 d&#8217;un contracte o l&#8217;aplicaci\u00f3 de mesures precontractuals.<br>\u25cf El compliment d&#8217;obligacions legals.<br>\u25cf L&#8217;inter\u00e8s leg\u00edtim del responsable, quan sigui aplicable i no prevalguin els drets de l&#8217;interessat.<br>\u25cf En el cas de dades de salut, el tractament es realitza conforme al que disposa l&#8217;article 9.2.h del RGPD, per a fins de diagn\u00f2stic i assist\u00e8ncia sanit\u00e0ria.<\/p>\n<p><strong>CONSERVACI\u00d3 DE LES DADES<\/strong><br>Les dades personals es conservaran durant el temps necessari per complir amb la finalitat per a la qual van ser demanades i, posteriorment, durant els terminis legalment establerts segons la normativa sanit\u00e0ria, fiscal o mercantil que sigui aplicable.<\/p>\n<p><strong>DESTINATARIS DE LES DADES<\/strong><br>Clinicaudio SL no cedir\u00e0 dades personals a tercers excepte:<\/p>\n<p>\u25cf Obligaci\u00f3 legal.<br>\u25cf Quan sigui necessari per a la prestaci\u00f3 correcta del servei, sota contractes d&#8217;enc\u00e0rrec de tractament i amb les degudes garanties legals.<\/p>\n<p><strong>DRETS DELS USUARIS<\/strong><br>L&#8217;usuari pot exercir els drets seg\u00fcents en mat\u00e8ria de protecci\u00f3 de dades:<\/p>\n<p>\u25cf Dret d&#8217;acc\u00e9s<br>\u25cf Dret de rectificaci\u00f3<br>\u25cf Dret de supressi\u00f3<br>\u25cf Dret de limitaci\u00f3 del tractament<br>\u25cf Dret d&#8217;oposici\u00f3<br>\u25cf Dret de portabilitat<br>\u25cf Dret a retirar el consentiment en qualsevol moment<\/p>\n<p>Aix\u00ed mateix, t\u00e9 dret a presentar una reclamaci\u00f3 davant de <b>l&#8217;Ag\u00e8ncia Espanyola de Protecci\u00f3 de Dades (AEPD)<\/b> si considera que el tractament no s&#8217;ajusta a la normativa vigent.<\/p>\n<p>EXERCICI DE DRETS<br>Per exercir els vostres drets, l&#8217;usuari haur\u00e0 d&#8217;enviar una sol\u00b7licitud per escrit a:<br><a href=\"mailto:contacto@clinicaudio.es\"> contacto@clinicaudio.es<\/a>&#8211; Indicant:<\/p>\n<p>\u25cf Nom i cognoms<br>\u25cf Dret que voleu exercir<br>\u25cf C\u00f2pia de document identificatiu<\/p>\n<p>MESURES DE SEGURETAT<br>Clinicaudio SL adopta les mesures t\u00e8cniques i organitzatives necess\u00e0ries per garantir la seguretat, confidencialitat i integritat de les dades personals i evitar la seva alteraci\u00f3&lt; 0 &gt; p\u00e8rdua, tractament o acc\u00e9s no autoritzat.<\/p>\n<p>MODIFICACIONS<br>Clinicaudio SL es reserva el dret de modificar aquest av\u00eds per adaptar-lo a canvis normatius oa criteris de l&#8217;Ag\u00e8ncia Espanyola de Protecci\u00f3 de Dades. La versi\u00f3 actualitzada estar\u00e0 sempre disponible a la web. <\/p>\n<p><strong>Data d&#8217;\u00faltima actualitzaci\u00f3: 15 de desembre de 2025<\/strong><\/p>\t\t\t\t\t\t\t\t<\/div>\n\t\t\t\t<\/div>\n\t\t\t\t<div class=\"elementor-element elementor-element-502242be elementor-widget elementor-widget-spacer\" data-id=\"502242be\" data-element_type=\"widget\" data-e-type=\"widget\" data-widget_type=\"spacer.default\">\n\t\t\t\t<div class=\"elementor-widget-container\">\n\t\t\t\t\t\t\t<div class=\"elementor-spacer\">\n\t\t\t<div class=\"elementor-spacer-inner\"><\/div>\n\t\t<\/div>\n\t\t\t\t\t\t<\/div>\n\t\t\t\t<\/div>\n\t\t\t\t\t<\/div>\n\t\t<\/div>\n\t\t\t\t\t<\/div>\n\t\t<\/section>\n\t\t\t\t<\/div>\n\t\t","protected":false},"excerpt":{"rendered":"<p>Llei de protecci\u00f3 de dades Clinicaudio SL De conformitat amb el que disposa el Reglament (UE) 2016\/679 del Parlament Europeu i del Consell, de 27 d&#8217;abril de 2016 (Reglament General de Protecci\u00f3 de Dades \u2013 RGPD), i en la Llei Org\u00e0nica 3\/2018, de 5 de desembre, de Protecci\u00f3 de Dades Personals i garantia dels drets [&hellip;]<\/p>\n","protected":false},"author":4,"featured_media":0,"parent":0,"menu_order":0,"comment_status":"closed","ping_status":"closed","template":"","meta":{"_mo_disable_npp":"","footnotes":""},"class_list":["post-5954","page","type-page","status-publish","hentry"],"_links":{"self":[{"href":"https:\/\/clinicaudio.es\/ca\/wp-json\/wp\/v2\/pages\/5954","targetHints":{"allow":["GET"]}}],"collection":[{"href":"https:\/\/clinicaudio.es\/ca\/wp-json\/wp\/v2\/pages"}],"about":[{"href":"https:\/\/clinicaudio.es\/ca\/wp-json\/wp\/v2\/types\/page"}],"author":[{"embeddable":true,"href":"https:\/\/clinicaudio.es\/ca\/wp-json\/wp\/v2\/users\/4"}],"replies":[{"embeddable":true,"href":"https:\/\/clinicaudio.es\/ca\/wp-json\/wp\/v2\/comments?post=5954"}],"version-history":[{"count":1,"href":"https:\/\/clinicaudio.es\/ca\/wp-json\/wp\/v2\/pages\/5954\/revisions"}],"predecessor-version":[{"id":5955,"href":"https:\/\/clinicaudio.es\/ca\/wp-json\/wp\/v2\/pages\/5954\/revisions\/5955"}],"wp:attachment":[{"href":"https:\/\/clinicaudio.es\/ca\/wp-json\/wp\/v2\/media?parent=5954"}],"curies":[{"name":"wp","href":"https:\/\/api.w.org\/{rel}","templated":true}]}}